{"id":109,"date":"2017-07-15T02:15:52","date_gmt":"2017-07-15T02:15:52","guid":{"rendered":"http:\/\/localhost:8888\/wordpress\/?page_id=109"},"modified":"2024-03-11T22:07:14","modified_gmt":"2024-03-12T03:07:14","slug":"manual-convicencia","status":"publish","type":"page","link":"https:\/\/tamarindos7cph.com\/index.php\/manual-convicencia\/","title":{"rendered":"Manual &#8211; Convivencia"},"content":{"rendered":"\t\t<div data-elementor-type=\"wp-page\" data-elementor-id=\"109\" class=\"elementor elementor-109\">\n\t\t\t\t\t\t<section class=\"elementor-section elementor-top-section elementor-element elementor-element-2cb97ee0 elementor-section-boxed elementor-section-height-default elementor-section-height-default\" data-id=\"2cb97ee0\" data-element_type=\"section\">\n\t\t\t\t\t\t<div class=\"elementor-container elementor-column-gap-default\">\n\t\t\t\t\t<div class=\"elementor-column elementor-col-100 elementor-top-column elementor-element elementor-element-155344ed\" data-id=\"155344ed\" data-element_type=\"column\">\n\t\t\t<div class=\"elementor-widget-wrap elementor-element-populated\">\n\t\t\t\t\t\t<div class=\"elementor-element elementor-element-79a71c4b elementor-widget elementor-widget-text-editor\" data-id=\"79a71c4b\" data-element_type=\"widget\" data-widget_type=\"text-editor.default\">\n\t\t\t\t<div class=\"elementor-widget-container\">\n\t\t\t<style>\/*! elementor - v3.19.0 - 28-02-2024 *\/\n.elementor-widget-text-editor.elementor-drop-cap-view-stacked .elementor-drop-cap{background-color:#69727d;color:#fff}.elementor-widget-text-editor.elementor-drop-cap-view-framed .elementor-drop-cap{color:#69727d;border:3px solid;background-color:transparent}.elementor-widget-text-editor:not(.elementor-drop-cap-view-default) .elementor-drop-cap{margin-top:8px}.elementor-widget-text-editor:not(.elementor-drop-cap-view-default) .elementor-drop-cap-letter{width:1em;height:1em}.elementor-widget-text-editor .elementor-drop-cap{float:left;text-align:center;line-height:1;font-size:50px}.elementor-widget-text-editor .elementor-drop-cap-letter{display:inline-block}<\/style>\t\t\t\t<h1><span style=\"color: #000000;\"><strong>Manual &#8211; Convivencia<\/strong><\/span><\/h1><p>En una propiedad horizontal el trabajo arduo y constante es concientizar, crear tejido humano en su comunidad, no importa su procedencia, estrato socio &#8211; econ\u00f3mico, creencia pol\u00edtico &#8211; religiosa, diversidad cultural de cada uno de sus habitantes; \u00a0siempre se encontrar\u00e1 en diferentes grados personas que por falta de cultura, h\u00e1bitos o falta de informaci\u00f3n incumplen las normas.<\/p><p>El manual de convivencia es el documento que acompa\u00f1a al reglamento de la propiedad en la escritura p\u00fablica, este es un instrumento aprobado por la Asamblea General de Propietarios de la Agrupaci\u00f3n y en el se contemplan derechos, deberes y sanciones<\/p><p>Todo individuo tiene unos derechos, pero antes de ellos tiene unos deberes, y siempre debe propender por el bien com\u00fan.<\/p>\t\t\t\t\t\t<\/div>\n\t\t\t\t<\/div>\n\t\t\t\t<div class=\"elementor-element elementor-element-6501ef5 elementor-widget__width-inherit elementor-widget elementor-widget-pdf_viewer\" data-id=\"6501ef5\" data-element_type=\"widget\" data-widget_type=\"pdf_viewer.default\">\n\t\t\t\t<div class=\"elementor-widget-container\">\n\t\t\t<iframe src=\"https:\/\/docs.google.com\/viewer?url=https:\/\/tamarindos7cph.com\/wp-content\/uploads\/2024\/01\/MANUAL_DE.CONVIVENCIA-tamarindos.pdf&amp;embedded=true\" style=\"display: block; margin-left: auto; margin-right: auto; width: 1020px; height: 1020px;\" frameborder=\"1\" marginheight=\"0px\" marginwidth=\"0px\" allowfullscreen><\/iframe>\t\t<\/div>\n\t\t\t\t<\/div>\n\t\t\t\t\t<\/div>\n\t\t<\/div>\n\t\t\t\t\t<\/div>\n\t\t<\/section>\n\t\t\t\t<\/div>\n\t\t","protected":false},"excerpt":{"rendered":"<p>Manual &#8211; Convivencia En una propiedad horizontal el trabajo arduo y constante es concientizar, crear tejido humano en su comunidad, no importa su procedencia, estrato socio &#8211; econ\u00f3mico, creencia pol\u00edtico &#8211; religiosa, diversidad cultural de cada uno de sus habitantes; \u00a0siempre se encontrar\u00e1 en diferentes grados personas que por falta de cultura, h\u00e1bitos o falta [&hellip;]<\/p>\n","protected":false},"author":2,"featured_media":0,"parent":0,"menu_order":0,"comment_status":"closed","ping_status":"closed","template":"elementor_header_footer","meta":{"footnotes":""},"_links":{"self":[{"href":"https:\/\/tamarindos7cph.com\/index.php\/wp-json\/wp\/v2\/pages\/109"}],"collection":[{"href":"https:\/\/tamarindos7cph.com\/index.php\/wp-json\/wp\/v2\/pages"}],"about":[{"href":"https:\/\/tamarindos7cph.com\/index.php\/wp-json\/wp\/v2\/types\/page"}],"author":[{"embeddable":true,"href":"https:\/\/tamarindos7cph.com\/index.php\/wp-json\/wp\/v2\/users\/2"}],"replies":[{"embeddable":true,"href":"https:\/\/tamarindos7cph.com\/index.php\/wp-json\/wp\/v2\/comments?post=109"}],"version-history":[{"count":25,"href":"https:\/\/tamarindos7cph.com\/index.php\/wp-json\/wp\/v2\/pages\/109\/revisions"}],"predecessor-version":[{"id":600,"href":"https:\/\/tamarindos7cph.com\/index.php\/wp-json\/wp\/v2\/pages\/109\/revisions\/600"}],"wp:attachment":[{"href":"https:\/\/tamarindos7cph.com\/index.php\/wp-json\/wp\/v2\/media?parent=109"}],"curies":[{"name":"wp","href":"https:\/\/api.w.org\/{rel}","templated":true}]}}