{"id":375,"date":"2017-07-07T02:17:01","date_gmt":"2017-07-07T02:17:01","guid":{"rendered":"http:\/\/localhost:8888\/wordpress\/?page_id=9"},"modified":"2024-12-04T07:21:41","modified_gmt":"2024-12-04T12:21:41","slug":"contacto","status":"publish","type":"page","link":"https:\/\/tamarindos7cph.com\/index.php\/contacto\/","title":{"rendered":"Contacto-Tel\u00e9fonos &#8211; Pagos"},"content":{"rendered":"\t\t<div data-elementor-type=\"wp-page\" data-elementor-id=\"375\" class=\"elementor elementor-375\">\n\t\t\t\t<div class=\"elementor-element elementor-element-fc76540 e-flex e-con-boxed e-con e-parent\" data-id=\"fc76540\" data-element_type=\"container\" data-settings=\"{&quot;content_width&quot;:&quot;boxed&quot;}\" data-core-v316-plus=\"true\">\n\t\t\t\t\t<div class=\"e-con-inner\">\n\t\t<div class=\"elementor-element elementor-element-6619519 e-con-full e-flex e-con e-child\" data-id=\"6619519\" data-element_type=\"container\" data-settings=\"{&quot;content_width&quot;:&quot;full&quot;}\">\n\t\t\t\t<div class=\"elementor-element elementor-element-d2bd5e9 elementor-widget elementor-widget-text-editor\" data-id=\"d2bd5e9\" data-element_type=\"widget\" data-widget_type=\"text-editor.default\">\n\t\t\t\t<div class=\"elementor-widget-container\">\n\t\t\t<style>\/*! elementor - v3.19.0 - 28-02-2024 *\/\n.elementor-widget-text-editor.elementor-drop-cap-view-stacked .elementor-drop-cap{background-color:#69727d;color:#fff}.elementor-widget-text-editor.elementor-drop-cap-view-framed .elementor-drop-cap{color:#69727d;border:3px solid;background-color:transparent}.elementor-widget-text-editor:not(.elementor-drop-cap-view-default) .elementor-drop-cap{margin-top:8px}.elementor-widget-text-editor:not(.elementor-drop-cap-view-default) .elementor-drop-cap-letter{width:1em;height:1em}.elementor-widget-text-editor .elementor-drop-cap{float:left;text-align:center;line-height:1;font-size:50px}.elementor-widget-text-editor .elementor-drop-cap-letter{display:inline-block}<\/style>\t\t\t\t<h2 class=\"wsite-content-title\"><span style=\"color: #000000;\">Correos \u00a0E-mail<\/span><\/h2><h6 class=\"paragraph\"><span style=\"color: #248d6c; font-size: x-large;\"><a class=\"o_h J_x mq_CZ G_e r_P C_Z29WjXl S4_U ac_CI rtlI_dz_sSg\" title=\"tamarindos7c@hotmail.com\" href=\"mailto:tamarindos7c@hotmail.com\" data-test-id=\"contact-card-email\">tamarindos7c@hotmail.com<\/a><\/span><\/h6><div><span style=\"color: #ff0000;\">\u2666<\/span>Por favor todas sus sugerencias, quejas, reclamos realicelas a trav\u00e9s del correo \u00a0electr\u00f3nico de la agrupaci\u00f3n. \u00a0Con esto se realizar\u00e1 la trazabilidad y el alcance que se ha dado a este correo enviado por usted.<\/div><div>En pr\u00f3ximo d\u00edas se publicar\u00e1n los correos correspondientes al Consejo y al Comit\u00e9 de Convivencia.<\/div><div>\u00a0<\/div><div>Siempre que tenga una queja por malas acciones y comportamientos de alg\u00fan residente, por favor solicite llamando a porter\u00eda y\/o en su defecto al personal de vigilancia que act\u00faa como recorredor.\u00a0 De igual forma solicite que su llamado de atenci\u00f3n quede consignado en la bit\u00e1cora de vigilancia.<\/div><div>\u00a0<\/div><div>Esto es muy importante para que en la administraci\u00f3n se den por enterados de estos eventos y pueden tomar las acciones respectivas.<\/div><div>\u00a0<\/div><div>Evite llamados de atenci\u00f3n y multas.<\/div><div>\u00a0<\/div><div>\u00a0<\/div><div>\u00a0<\/div><div>\u00a0<\/div><div class=\"paragraph\">\u00a0<\/div>\t\t\t\t\t\t<\/div>\n\t\t\t\t<\/div>\n\t\t\t\t<\/div>\n\t\t<div class=\"elementor-element elementor-element-9fb276d e-con-full e-flex e-con e-child\" data-id=\"9fb276d\" data-element_type=\"container\" data-settings=\"{&quot;content_width&quot;:&quot;full&quot;}\">\n\t\t\t\t<div class=\"elementor-element elementor-element-cbc6c09 elementor-widget__width-auto elementor-widget elementor-widget-text-editor\" data-id=\"cbc6c09\" data-element_type=\"widget\" data-widget_type=\"text-editor.default\">\n\t\t\t\t<div class=\"elementor-widget-container\">\n\t\t\t\t\t\t\t<h2 class=\"wsite-content-title\"><span style=\"color: #000000;\">Tel\u00e9fonos<\/span><\/h2><div><strong>Administraci\u00f3n<\/strong><\/div><h2 class=\"paragraph\"><span style=\"color: #000000;\"><strong><span style=\"font-size: large;\">Cel.\u00a0<\/span><span style=\"font-size: large;\">(+57) <i>3124631624- 6016353202<\/i><\/span><\/strong><\/span><\/h2><div><hr \/><\/div><div><strong>Porter\u00eda &#8211; Vigilancia<\/strong><\/div><div>\u00a0<\/div><div>Por obsolescencia y\/o deterioro del sistema de cit\u00f3fonos, se tiene un nuevo sistema de comunicaci\u00f3n a trav\u00e9s de un sistema de internet para poder activar, por favor:<\/div><div>\u00a0<\/div><div>Registre los \u00a0n\u00fameros de tel\u00e9fonos celulares de los residentes de su unidad habitacional \u00a0en la administraci\u00f3n, mediante un correo electr\u00f3nico a tamarindos7c@hotmail.com.<\/div><div>\u00a0<\/div><div>Recibida la informaci\u00f3n, el Sr. Administrador ingresar\u00e1 en la configuraci\u00f3n del sistema sus nombres y n\u00famero de apartamento, tenga total seguridad de la informaci\u00f3n suministrada queda en buena custodia.<\/div><div>\u00a0<\/div><div>El personal de vigilancia nunca podr\u00e1 acceder a estos n\u00fameros, pues cuando el marque el interior, apartamento o casa solamente ver\u00e1 registrado el n\u00famero del inmueble, nunca podr\u00e1 ver el n\u00famero de celular al cual est\u00e1 marcando.<\/div><div>\u00a0<\/div><div>El sistema realizar\u00e1 un llamado al primer n\u00famero telef\u00f3nico que quede registrado, si este no responde inmediatamente pasar\u00e1 al siguiente n\u00famero telef\u00f3nico y as\u00ed sucesivamente hasta que le respondan y\/o agote los n\u00fameros inscritos del apartamento o casa.<\/div><div>\u00a0<\/div><div>Por favor marque este n\u00famero de celular que corresponde al de porter\u00eda.<\/div><div>\u00a0<\/div><div>Tel. (+571) 7 42 70 25<\/div><div><hr \/><\/div><h3><span style=\"color: #000000;\"><strong>CAI &#8211; Ciudadela Colsubsidio.<\/strong><\/span><\/h3><p>CALLE 86A CON CARRERA 111C<\/p><div><img decoding=\"async\" class=\"alignnone wp-image-724\" src=\"https:\/\/tamarindos7cph.com\/wp-content\/uploads\/2024\/04\/escudo-300x200.jpg\" alt=\"\" width=\"173\" height=\"115\" srcset=\"https:\/\/tamarindos7cph.com\/wp-content\/uploads\/2024\/04\/escudo-300x200.jpg 300w, https:\/\/tamarindos7cph.com\/wp-content\/uploads\/2024\/04\/escudo.jpg 600w\" sizes=\"(max-width: 173px) 100vw, 173px\" \/><\/div><h1><strong><span style=\"color: #000000;\">4 \u00a035 04 25<\/span><\/strong><\/h1><div>\u00a0<\/div><div><hr \/><\/div><div><span style=\"color: #000000;\"><strong>El N\u00famero \u00danico de Seguridad y Emergencias NUSE<\/strong><\/span><\/div><h2><img decoding=\"async\" class=\"alignnone wp-image-725\" src=\"https:\/\/tamarindos7cph.com\/wp-content\/uploads\/2024\/04\/logo_123-300x240.png\" alt=\"\" width=\"127\" height=\"101\" srcset=\"https:\/\/tamarindos7cph.com\/wp-content\/uploads\/2024\/04\/logo_123-300x240.png 300w, https:\/\/tamarindos7cph.com\/wp-content\/uploads\/2024\/04\/logo_123.png 420w\" sizes=\"(max-width: 127px) 100vw, 127px\" \/><\/h2><h1><span style=\"color: #000000;\"><strong>123<\/strong><\/span><\/h1><div><hr \/><\/div><div><span style=\"color: #ff0000;\"><strong>\u2663\u00a0<\/strong><\/span>Siempre que se comunique con uno de estos tel\u00e9fonos, identifiquese y solicite a quien lo atienda que de igual forma lo haga. \u00a0Con estos datos podr\u00e1 elevar una queja, reclamo o \u00a0sugerencia ante los organismos de control por una mala atenci\u00f3n o no haber atendido su llamado o requerimiento .<\/div><div>\u00a0<\/div><div><span style=\"color: #000000;\"><strong>Polic\u00eda Metropolitana<\/strong><\/span> \u00a0&#8211; Si su comunicado no es atendido en el <strong>CAI<\/strong> o si requiri\u00f3 la presencia de oficiales de polic\u00eda y estos no se presentaron, comun\u00edquese al <strong>123<\/strong>. Realice su requerimiento, si un funcionario del <strong>CAI<\/strong> le atendi\u00f3 suministre los datos de este, para que el \u00e1rea encargada de La <strong>Policia Metropolitana<\/strong> pueda realizar seguimiento administrativo por negligencia a las acciones de estos empleados p\u00fablicos.<\/div>\t\t\t\t\t\t<\/div>\n\t\t\t\t<\/div>\n\t\t\t\t<\/div>\n\t\t<div class=\"elementor-element elementor-element-ab334a5 e-con-full e-flex e-con e-child\" data-id=\"ab334a5\" data-element_type=\"container\" data-settings=\"{&quot;content_width&quot;:&quot;full&quot;}\">\n\t\t\t\t<div class=\"elementor-element elementor-element-2895b6a elementor-widget__width-initial elementor-widget elementor-widget-text-editor\" data-id=\"2895b6a\" data-element_type=\"widget\" data-widget_type=\"text-editor.default\">\n\t\t\t\t<div class=\"elementor-widget-container\">\n\t\t\t\t\t\t\t<h2 class=\"wsite-content-title\"><span style=\"color: #000000;\">Pagos<\/span><\/h2><p><span style=\"color: #ff0000;\"><strong>\u2660<\/strong><\/span>Por favor tenga en cuenta:<\/p><p>-Nunca guardar sus contrase\u00f1as en el equipo electr\u00f3nico Computador, tableta electr\u00f3nica, tel\u00e9fono celular entre otros para recordar o cuando al sitio de internet al que accede se lo sugiere.<\/p><p><span style=\"color: #ff0000;\">&#8211;<\/span>Tampoco realice operaciones financieras en un caf\u00e9 internet.<\/p><p><span style=\"color: #ff0000;\">&#8211;<\/span>Tenga configurado en su servicio bancario manejos de claves din\u00e1micas con su correo personal y que s\u00f3lo estos pagos se efect\u00faen si usted los autoriza.<\/p><p><b style=\"font-size: 1rem; caret-color: #222222; color: #222222; font-family: arial, sans-serif;\">PSE<\/b><span style=\"color: #222222; font-family: arial, sans-serif;\"><span style=\"caret-color: #222222; font-size: 1rem;\">\u00a0es el bot\u00f3n de <strong>Pagos Seguros en L\u00ednea<\/strong> &#8211; Registre su corre electr\u00f3nico E-mail en la plataforma, con este podr\u00e1 acceder a su banca virtual para realizar pagos de bienes y servicios.<\/span><span style=\"caret-color: #222222; font-size: 1rem;\">\u00a0<\/span><\/span><\/p><p><a href=\"https:\/\/registro.pse.com.co\/PSEUserRegister\/\">Registro E-mail PSE <\/a><\/p><p><img fetchpriority=\"high\" decoding=\"async\" class=\"alignnone size-medium wp-image-427\" src=\"https:\/\/tamarindos7cph.com\/wp-content\/uploads\/2024\/01\/PSE-768x453-1-300x177.png\" alt=\"\" width=\"300\" height=\"177\" srcset=\"https:\/\/tamarindos7cph.com\/wp-content\/uploads\/2024\/01\/PSE-768x453-1-300x177.png 300w, https:\/\/tamarindos7cph.com\/wp-content\/uploads\/2024\/01\/PSE-768x453-1.png 768w\" sizes=\"(max-width: 300px) 100vw, 300px\" \/><\/p><p><strong>Centro de Pagos Virtual &#8211; Banco AV Villas &#8211;<\/strong><\/p><p>Ingrese en el \u00e1rea <strong>Para Personas<\/strong>, ubique cursor sobre <strong>Realiza Tus Pagos<\/strong> &#8211; Accione click &#8211; Busque <strong>TAMARINDOS 7C.<\/strong><\/p><p>Aseg\u00farese que la direcci\u00f3n de <strong>TAMARINDOS7C<\/strong> corresponda con la Carrera 112 F 80 &#8211; 59 de Bogota. \u00a0Pueden existir otras agrupaciones con el mismo nombre en diferentes direcciones o partes del pa\u00eds.<\/p><p><img loading=\"lazy\" decoding=\"async\" class=\"alignnone size-medium wp-image-428\" src=\"https:\/\/tamarindos7cph.com\/wp-content\/uploads\/2024\/01\/AvVillas-768x618-1-300x241.png\" alt=\"\" width=\"300\" height=\"241\" srcset=\"https:\/\/tamarindos7cph.com\/wp-content\/uploads\/2024\/01\/AvVillas-768x618-1-300x241.png 300w, https:\/\/tamarindos7cph.com\/wp-content\/uploads\/2024\/01\/AvVillas-768x618-1.png 768w\" sizes=\"(max-width: 300px) 100vw, 300px\" \/><\/p><p><a href=\"https:\/\/www.pagosvirtualesavvillas.com.co\/personal\/pagos\/3804\">AV VILLAS &#8211; Centro de Pagos <\/a><a href=\"https:\/\/www.pagosvirtualesavvillas.com.co\/personal\/pagos\/3804\">Virtuales<\/a><strong style=\"font-size: 1rem;\">\u00a0<\/strong><\/p>\t\t\t\t\t\t<\/div>\n\t\t\t\t<\/div>\n\t\t\t\t<\/div>\n\t\t\t\t\t<\/div>\n\t\t\t\t<\/div>\n\t\t\t\t<section class=\"elementor-section elementor-top-section elementor-element elementor-element-4706a851 elementor-section-height-min-height elementor-section-boxed elementor-section-height-default elementor-section-items-middle\" data-id=\"4706a851\" data-element_type=\"section\">\n\t\t\t\t\t\t<div class=\"elementor-container elementor-column-gap-default\">\n\t\t\t\t\t<div class=\"elementor-column elementor-col-100 elementor-top-column elementor-element elementor-element-15121cf5\" data-id=\"15121cf5\" data-element_type=\"column\">\n\t\t\t<div class=\"elementor-widget-wrap elementor-element-populated\">\n\t\t\t\t\t\t<div class=\"elementor-element elementor-element-74abd2e9 elementor-widget elementor-widget-text-editor\" data-id=\"74abd2e9\" data-element_type=\"widget\" data-widget_type=\"text-editor.default\">\n\t\t\t\t<div class=\"elementor-widget-container\">\n\t\t\t\t\t\t\t<h2 class=\"wsite-content-title\"><strong><span style=\"font-size: large;\">Direcci\u00f3n F\u00edsica<\/span><\/strong><\/h2><div class=\"paragraph\"><span style=\"font-size: large;\">carrera 112F No. 80 &#8211; 59<br \/><\/span><span style=\"font-size: large;\">Bogot\u00e1, Colombia<\/span><\/div>\t\t\t\t\t\t<\/div>\n\t\t\t\t<\/div>\n\t\t\t\t<div class=\"elementor-element elementor-element-79a3cef elementor-widget elementor-widget-google_maps\" data-id=\"79a3cef\" data-element_type=\"widget\" data-widget_type=\"google_maps.default\">\n\t\t\t\t<div class=\"elementor-widget-container\">\n\t\t\t<style>\/*! elementor - v3.19.0 - 28-02-2024 *\/\n.elementor-widget-google_maps .elementor-widget-container{overflow:hidden}.elementor-widget-google_maps .elementor-custom-embed{line-height:0}.elementor-widget-google_maps iframe{height:300px}<\/style>\t\t<div class=\"elementor-custom-embed\">\n\t\t\t<iframe loading=\"lazy\"\n\t\t\t\t\tsrc=\"https:\/\/maps.google.com\/maps?q=Bogota%2Ccarrera%20112%20f%2080%2059&#038;t=m&#038;z=12&#038;output=embed&#038;iwloc=near\"\n\t\t\t\t\ttitle=\"Bogota,carrera 112 f 80 59\"\n\t\t\t\t\taria-label=\"Bogota,carrera 112 f 80 59\"\n\t\t\t><\/iframe>\n\t\t<\/div>\n\t\t\t\t<\/div>\n\t\t\t\t<\/div>\n\t\t\t\t\t<\/div>\n\t\t<\/div>\n\t\t\t\t\t<\/div>\n\t\t<\/section>\n\t\t<div class=\"elementor-element elementor-element-41b0143 e-flex e-con-boxed e-con e-parent\" data-id=\"41b0143\" data-element_type=\"container\" data-settings=\"{&quot;content_width&quot;:&quot;boxed&quot;}\" data-core-v316-plus=\"true\">\n\t\t\t\t\t<div class=\"e-con-inner\">\n\t\t\t\t\t<\/div>\n\t\t\t\t<\/div>\n\t\t\t\t<\/div>\n\t\t","protected":false},"excerpt":{"rendered":"<p>Correos \u00a0E-mail tamarindos7c@hotmail.com \u2666Por favor todas sus sugerencias, quejas, reclamos realicelas a trav\u00e9s del correo \u00a0electr\u00f3nico de la agrupaci\u00f3n. \u00a0Con esto se realizar\u00e1 la trazabilidad y el alcance que se ha dado a este correo enviado por usted.En pr\u00f3ximo d\u00edas se publicar\u00e1n los correos correspondientes al Consejo y al Comit\u00e9 de Convivencia.\u00a0Siempre que tenga una [&hellip;]<\/p>\n","protected":false},"author":2,"featured_media":0,"parent":0,"menu_order":0,"comment_status":"closed","ping_status":"closed","template":"elementor_header_footer","meta":{"footnotes":""},"_links":{"self":[{"href":"https:\/\/tamarindos7cph.com\/index.php\/wp-json\/wp\/v2\/pages\/375"}],"collection":[{"href":"https:\/\/tamarindos7cph.com\/index.php\/wp-json\/wp\/v2\/pages"}],"about":[{"href":"https:\/\/tamarindos7cph.com\/index.php\/wp-json\/wp\/v2\/types\/page"}],"author":[{"embeddable":true,"href":"https:\/\/tamarindos7cph.com\/index.php\/wp-json\/wp\/v2\/users\/2"}],"replies":[{"embeddable":true,"href":"https:\/\/tamarindos7cph.com\/index.php\/wp-json\/wp\/v2\/comments?post=375"}],"version-history":[{"count":67,"href":"https:\/\/tamarindos7cph.com\/index.php\/wp-json\/wp\/v2\/pages\/375\/revisions"}],"predecessor-version":[{"id":996,"href":"https:\/\/tamarindos7cph.com\/index.php\/wp-json\/wp\/v2\/pages\/375\/revisions\/996"}],"wp:attachment":[{"href":"https:\/\/tamarindos7cph.com\/index.php\/wp-json\/wp\/v2\/media?parent=375"}],"curies":[{"name":"wp","href":"https:\/\/api.w.org\/{rel}","templated":true}]}}